{"id":1829,"date":"2025-10-06T15:25:13","date_gmt":"2025-10-06T15:25:13","guid":{"rendered":"https:\/\/gruposacaza.com.mx\/?post_type=product&#038;p=1829"},"modified":"2025-10-06T15:25:13","modified_gmt":"2025-10-06T15:25:13","slug":"terminal-de-control-de-acceso-multiverificacion-zkteco-modelo-senseface-2a","status":"publish","type":"product","link":"https:\/\/gruposacaza.com.mx\/inicio\/producto\/terminal-de-control-de-acceso-multiverificacion-zkteco-modelo-senseface-2a\/","title":{"rendered":"TERMINAL DE CONTROL DE ACCESO MULTIVERIFICACION ZKTECO MODELO SENSEFACE 2A"},"content":{"rendered":"<p><strong>SenseFace 2A<\/strong>\u00a0adopta la \u00faltima tecnolog\u00eda de autenticaci\u00f3n facial con ingenier\u00eda inteligente. Admite autenticaci\u00f3n por huella digital, reconocimiento facial y tarjeta, con gran capacidad y alta velocidad de verificaci\u00f3n. Incorpora un algoritmo avanzado de detecci\u00f3n anti-suplantaci\u00f3n para el reconocimiento facial, capaz de resistir casi todo tipo de ataques mediante fotos o videos falsos, ofreciendo as\u00ed una autenticaci\u00f3n biom\u00e9trica segura.<\/p>\n<p><em><strong>-SenseFace 2A: Compatible con\u00a0<\/strong>ZKBio Zlink\u00a0<\/em><strong><em>SIN COSTO EN LA NUBE<\/em><\/strong><\/p>\n<p><strong><em><a title=\"ZKBio Zlink\" href=\"https:\/\/zktecolatinoamerica.com\/software\/zkbio-zlink\/\">https:\/\/zktecolatinoamerica.com\/software\/zkbio-zlink\/<\/a><\/em><\/strong><\/p>\n<p><strong><em><img loading=\"lazy\" decoding=\"async\" src=\"https:\/\/4820964.app.netsuite.com\/core\/media\/media.nl?id=23077012&amp;c=4820964&amp;h=FomAT8RS4x57xWU0CP2xQsb_CuH0ANL0pH5EwWTdbvfZQTEb\" width=\"745\" height=\"332\" \/><\/em><\/strong><\/p>\n<p><iframe loading=\"lazy\" title=\"YouTube video player\" src=\"https:\/\/www.youtube.com\/embed\/WDA0VvLC2rY?si=fJ7UEUrpb-v7UK7-\" width=\"560\" height=\"315\" frameborder=\"0\" allowfullscreen=\"allowfullscreen\" data-mce-fragment=\"1\"><\/iframe><\/p>\n<p><strong>Caracter\u00edsticas:<\/strong><\/p>\n<p>Tecnolog\u00eda de Autenticaci\u00f3n Facial con Luz Visible y Verificaci\u00f3n de Huella Digital \u00d3ptica ZK<br data-start=\"113\" data-end=\"116\" \/>M\u00faltiples M\u00e9todos de Autenticaci\u00f3n: Reconocimiento Facial \/ Huella Digital \/ RFID \/ Contrase\u00f1a.<\/p>\n<p><br data-start=\"212\" data-end=\"215\" \/>M\u00f3dulos RFID Disponibles: Tarjeta ID de 125 kHz \/ Tarjeta IC de 13.56 MHz<br data-start=\"290\" data-end=\"293\" \/>Videoportero en Alta Definici\u00f3n mediante Protocolo\u00a0<em><strong>SIP (Versi\u00f3n 2.0).<\/strong><\/em>\u00a0Compatible con el Monitor Interior de Videoportero SIP de ZKTeco (VT07-B01 y VT07-B01-W)<\/p>\n<p><br data-start=\"453\" data-end=\"456\" \/>Sincronizaci\u00f3n de Datos de Usuario: Los datos de usuario se pueden descargar o cargar de un dispositivo a otro a trav\u00e9s de una unidad USB.<\/p>\n<p>Compatible con timbre inal\u00e1mbrico (opcional)<br data-start=\"644\" data-end=\"647\" \/>Funciones simples de control de acceso (Cerradura El\u00e9ctrica; Sensor de Puerta; Bot\u00f3n de Salida)<\/p>\n<p><img loading=\"lazy\" decoding=\"async\" src=\"https:\/\/4820964.app.netsuite.com\/core\/media\/media.nl?id=21812689&amp;c=4820964&amp;h=ArLDyLAPiCnthJjfkbiuLg7OpNSdPNevtznhjnYwUDmX3jsT\" width=\"876\" height=\"340\" \/><\/p>\n<div class=\"pvc_clear\"><\/div>\n<p id=\"pvc_stats_1829\" class=\"pvc_stats all  \" data-element-id=\"1829\" style=\"\"><i class=\"pvc-stats-icon small\" aria-hidden=\"true\"><svg xmlns=\"http:\/\/www.w3.org\/2000\/svg\" version=\"1.0\" viewBox=\"0 0 502 315\" preserveAspectRatio=\"xMidYMid meet\"><g transform=\"translate(0,332) scale(0.1,-0.1)\" fill=\"\" stroke=\"none\"><path d=\"M2394 3279 l-29 -30 -3 -207 c-2 -182 0 -211 15 -242 39 -76 157 -76 196 0 15 31 17 60 15 243 l-3 209 -33 29 c-26 23 -41 29 -80 29 -41 0 -53 -5 -78 -31z\"\/><path d=\"M3085 3251 c-45 -19 -58 -50 -96 -229 -47 -217 -49 -260 -13 -295 52 -53 146 -42 177 20 16 31 87 366 87 410 0 70 -86 122 -155 94z\"\/><path d=\"M1751 3234 c-13 -9 -29 -31 -37 -50 -12 -29 -10 -49 21 -204 19 -94 39 -189 45 -210 14 -50 54 -80 110 -80 34 0 48 6 76 34 21 21 34 44 34 59 0 14 -18 113 -40 219 -37 178 -43 195 -70 221 -36 32 -101 37 -139 11z\"\/><path d=\"M1163 3073 c-36 -7 -73 -59 -73 -102 0 -56 133 -378 171 -413 34 -32 83 -37 129 -13 70 36 67 87 -16 290 -86 209 -89 214 -129 231 -35 14 -42 15 -82 7z\"\/><path d=\"M3689 3066 c-15 -9 -33 -30 -42 -48 -48 -103 -147 -355 -147 -375 0 -98 131 -148 192 -74 13 15 57 108 97 206 80 196 84 226 37 273 -30 30 -99 39 -137 18z\"\/><path d=\"M583 2784 c-38 -19 -67 -74 -58 -113 9 -42 211 -354 242 -373 16 -10 45 -18 66 -18 51 0 107 52 107 100 0 39 -1 41 -124 234 -80 126 -108 162 -133 173 -41 17 -61 16 -100 -3z\"\/><path d=\"M4250 2784 c-14 -9 -74 -91 -133 -183 -95 -150 -107 -173 -107 -213 0 -55 33 -94 87 -104 67 -13 90 8 211 198 130 202 137 225 78 284 -27 27 -42 34 -72 34 -22 0 -50 -8 -64 -16z\"\/><path d=\"M2275 2693 c-553 -48 -1095 -270 -1585 -649 -135 -104 -459 -423 -483 -476 -23 -49 -22 -139 2 -186 73 -142 361 -457 571 -626 285 -228 642 -407 990 -497 242 -63 336 -73 660 -74 310 0 370 5 595 52 535 111 1045 392 1455 803 122 121 250 273 275 326 19 41 19 137 0 174 -41 79 -309 363 -465 492 -447 370 -946 591 -1479 653 -113 14 -422 18 -536 8z m395 -428 c171 -34 330 -124 456 -258 112 -119 167 -219 211 -378 27 -96 24 -300 -5 -401 -72 -255 -236 -447 -474 -557 -132 -62 -201 -76 -368 -76 -167 0 -236 14 -368 76 -213 98 -373 271 -451 485 -162 444 86 934 547 1084 153 49 292 57 452 25z m909 -232 c222 -123 408 -262 593 -441 76 -74 138 -139 138 -144 0 -16 -233 -242 -330 -319 -155 -123 -309 -223 -461 -299 l-81 -41 32 46 c18 26 49 83 70 128 143 306 141 649 -6 957 -25 52 -61 116 -79 142 l-34 47 45 -20 c26 -10 76 -36 113 -56z m-2057 25 c-40 -58 -105 -190 -130 -263 -110 -324 -59 -707 132 -981 25 -35 42 -64 37 -64 -19 0 -241 119 -326 174 -188 122 -406 314 -532 468 l-58 71 108 103 c185 178 428 349 672 473 66 33 121 60 123 61 2 0 -10 -19 -26 -42z\"\/><path d=\"M2375 1950 c-198 -44 -350 -190 -395 -379 -18 -76 -8 -221 19 -290 114 -284 457 -406 731 -260 98 52 188 154 231 260 27 69 37 214 19 290 -38 163 -166 304 -326 360 -67 23 -215 33 -279 19z\"\/><\/g><\/svg><\/i> <img loading=\"lazy\" decoding=\"async\" width=\"16\" height=\"16\" alt=\"Loading\" src=\"https:\/\/gruposacaza.com.mx\/wp-content\/plugins\/page-views-count\/ajax-loader-2x.gif\" border=0 \/><\/p>\n<div class=\"pvc_clear\"><\/div>\n","protected":false},"excerpt":{"rendered":"<p>TERMINAL DE CONTROL DE ACCESO MULTIVERIFICACION ZKTECO MODELO SENSEFACE 2A PERMITE ELEGIR EL PROTOCOLO DE COMUNICACION ENTRE ACCESO Y TIEMPO Y ASISTENCIA SU PRACTICO TECLADO PERMITE REALIZAR EL REGISTRO DE LOS USUARIOS PANTALLA DE 2.4 PULGADAS CAPACIDADES DE 3,000 HUELLAS, 1,500 ROSTROS, 3,000 TARJETAS DE 125 KHZ, COMUNICACION TCP\/IP COMPATIBLE CON SOFTWARE ZKBIO ZLINK<\/p>\n<div class=\"pvc_clear\"><\/div>\n<p id=\"pvc_stats_1829\" class=\"pvc_stats all  \" data-element-id=\"1829\" style=\"\"><i class=\"pvc-stats-icon small\" aria-hidden=\"true\"><svg xmlns=\"http:\/\/www.w3.org\/2000\/svg\" version=\"1.0\" viewBox=\"0 0 502 315\" preserveAspectRatio=\"xMidYMid meet\"><g transform=\"translate(0,332) scale(0.1,-0.1)\" fill=\"\" stroke=\"none\"><path d=\"M2394 3279 l-29 -30 -3 -207 c-2 -182 0 -211 15 -242 39 -76 157 -76 196 0 15 31 17 60 15 243 l-3 209 -33 29 c-26 23 -41 29 -80 29 -41 0 -53 -5 -78 -31z\"\/><path d=\"M3085 3251 c-45 -19 -58 -50 -96 -229 -47 -217 -49 -260 -13 -295 52 -53 146 -42 177 20 16 31 87 366 87 410 0 70 -86 122 -155 94z\"\/><path d=\"M1751 3234 c-13 -9 -29 -31 -37 -50 -12 -29 -10 -49 21 -204 19 -94 39 -189 45 -210 14 -50 54 -80 110 -80 34 0 48 6 76 34 21 21 34 44 34 59 0 14 -18 113 -40 219 -37 178 -43 195 -70 221 -36 32 -101 37 -139 11z\"\/><path d=\"M1163 3073 c-36 -7 -73 -59 -73 -102 0 -56 133 -378 171 -413 34 -32 83 -37 129 -13 70 36 67 87 -16 290 -86 209 -89 214 -129 231 -35 14 -42 15 -82 7z\"\/><path d=\"M3689 3066 c-15 -9 -33 -30 -42 -48 -48 -103 -147 -355 -147 -375 0 -98 131 -148 192 -74 13 15 57 108 97 206 80 196 84 226 37 273 -30 30 -99 39 -137 18z\"\/><path d=\"M583 2784 c-38 -19 -67 -74 -58 -113 9 -42 211 -354 242 -373 16 -10 45 -18 66 -18 51 0 107 52 107 100 0 39 -1 41 -124 234 -80 126 -108 162 -133 173 -41 17 -61 16 -100 -3z\"\/><path d=\"M4250 2784 c-14 -9 -74 -91 -133 -183 -95 -150 -107 -173 -107 -213 0 -55 33 -94 87 -104 67 -13 90 8 211 198 130 202 137 225 78 284 -27 27 -42 34 -72 34 -22 0 -50 -8 -64 -16z\"\/><path d=\"M2275 2693 c-553 -48 -1095 -270 -1585 -649 -135 -104 -459 -423 -483 -476 -23 -49 -22 -139 2 -186 73 -142 361 -457 571 -626 285 -228 642 -407 990 -497 242 -63 336 -73 660 -74 310 0 370 5 595 52 535 111 1045 392 1455 803 122 121 250 273 275 326 19 41 19 137 0 174 -41 79 -309 363 -465 492 -447 370 -946 591 -1479 653 -113 14 -422 18 -536 8z m395 -428 c171 -34 330 -124 456 -258 112 -119 167 -219 211 -378 27 -96 24 -300 -5 -401 -72 -255 -236 -447 -474 -557 -132 -62 -201 -76 -368 -76 -167 0 -236 14 -368 76 -213 98 -373 271 -451 485 -162 444 86 934 547 1084 153 49 292 57 452 25z m909 -232 c222 -123 408 -262 593 -441 76 -74 138 -139 138 -144 0 -16 -233 -242 -330 -319 -155 -123 -309 -223 -461 -299 l-81 -41 32 46 c18 26 49 83 70 128 143 306 141 649 -6 957 -25 52 -61 116 -79 142 l-34 47 45 -20 c26 -10 76 -36 113 -56z m-2057 25 c-40 -58 -105 -190 -130 -263 -110 -324 -59 -707 132 -981 25 -35 42 -64 37 -64 -19 0 -241 119 -326 174 -188 122 -406 314 -532 468 l-58 71 108 103 c185 178 428 349 672 473 66 33 121 60 123 61 2 0 -10 -19 -26 -42z\"\/><path d=\"M2375 1950 c-198 -44 -350 -190 -395 -379 -18 -76 -8 -221 19 -290 114 -284 457 -406 731 -260 98 52 188 154 231 260 27 69 37 214 19 290 -38 163 -166 304 -326 360 -67 23 -215 33 -279 19z\"\/><\/g><\/svg><\/i> <img loading=\"lazy\" decoding=\"async\" width=\"16\" height=\"16\" alt=\"Loading\" src=\"https:\/\/gruposacaza.com.mx\/wp-content\/plugins\/page-views-count\/ajax-loader-2x.gif\" border=0 \/><\/p>\n<div class=\"pvc_clear\"><\/div>\n","protected":false},"featured_media":1832,"comment_status":"open","ping_status":"closed","template":"","meta":{"saved_in_kubio":false,"_monsterinsights_skip_tracking":false,"_monsterinsights_sitenote_active":false,"_monsterinsights_sitenote_note":"","_monsterinsights_sitenote_category":0},"product_brand":[],"product_cat":[147],"product_tag":[],"class_list":{"0":"post-1829","1":"product","2":"type-product","3":"status-publish","4":"has-post-thumbnail","6":"product_cat-biometricos","8":"first","9":"instock","10":"sale","11":"taxable","12":"shipping-taxable","13":"purchasable","14":"product-type-simple"},"a3_pvc":{"activated":true,"total_views":87,"today_views":0},"_links":{"self":[{"href":"https:\/\/gruposacaza.com.mx\/inicio\/wp-json\/wp\/v2\/product\/1829","targetHints":{"allow":["GET"]}}],"collection":[{"href":"https:\/\/gruposacaza.com.mx\/inicio\/wp-json\/wp\/v2\/product"}],"about":[{"href":"https:\/\/gruposacaza.com.mx\/inicio\/wp-json\/wp\/v2\/types\/product"}],"replies":[{"embeddable":true,"href":"https:\/\/gruposacaza.com.mx\/inicio\/wp-json\/wp\/v2\/comments?post=1829"}],"wp:featuredmedia":[{"embeddable":true,"href":"https:\/\/gruposacaza.com.mx\/inicio\/wp-json\/wp\/v2\/media\/1832"}],"wp:attachment":[{"href":"https:\/\/gruposacaza.com.mx\/inicio\/wp-json\/wp\/v2\/media?parent=1829"}],"wp:term":[{"taxonomy":"product_brand","embeddable":true,"href":"https:\/\/gruposacaza.com.mx\/inicio\/wp-json\/wp\/v2\/product_brand?post=1829"},{"taxonomy":"product_cat","embeddable":true,"href":"https:\/\/gruposacaza.com.mx\/inicio\/wp-json\/wp\/v2\/product_cat?post=1829"},{"taxonomy":"product_tag","embeddable":true,"href":"https:\/\/gruposacaza.com.mx\/inicio\/wp-json\/wp\/v2\/product_tag?post=1829"}],"curies":[{"name":"wp","href":"https:\/\/api.w.org\/{rel}","templated":true}]}}